{"id":64,"date":"2025-07-04T00:44:57","date_gmt":"2025-07-04T03:44:57","guid":{"rendered":"https:\/\/lp.agenciamoravi.com\/?page_id=64"},"modified":"2025-10-08T12:57:28","modified_gmt":"2025-10-08T15:57:28","slug":"politica-de-privacidade","status":"publish","type":"page","link":"https:\/\/sanquimica.com.br\/index.php\/politica-de-privacidade\/","title":{"rendered":"Pol\u00edtica de Privacidade"},"content":{"rendered":"\t\t<div data-elementor-type=\"wp-page\" data-elementor-id=\"64\" class=\"elementor elementor-64\" data-elementor-post-type=\"page\">\n\t\t\t\t<header class=\"elementor-element elementor-element-78ecb7d menu-fixo e-flex e-con-boxed e-con e-parent\" data-id=\"78ecb7d\" data-element_type=\"container\">\n\t\t\t\t\t<div class=\"e-con-inner\">\n\t\t<div class=\"elementor-element elementor-element-f6a0446 e-con-full e-flex e-con e-child\" data-id=\"f6a0446\" data-element_type=\"container\">\n\t\t\t\t<div class=\"elementor-element elementor-element-0238011 elementor-widget elementor-widget-image\" data-id=\"0238011\" data-element_type=\"widget\" data-widget_type=\"image.default\">\n\t\t\t\t\t\t\t\t\t\t\t\t\t\t\t\t<a href=\"https:\/\/sanquimica.com.br\/\">\n\t\t\t\t\t\t\t<img fetchpriority=\"high\" decoding=\"async\" width=\"800\" height=\"139\" src=\"https:\/\/sanquimica.com.br\/wp-content\/uploads\/2025\/08\/LOGO-SANQUIMICA-SEM-FUNDO.png\" class=\"attachment-large size-large wp-image-108\" alt=\"\" srcset=\"https:\/\/sanquimica.com.br\/wp-content\/uploads\/2025\/08\/LOGO-SANQUIMICA-SEM-FUNDO.png 968w, https:\/\/sanquimica.com.br\/wp-content\/uploads\/2025\/08\/LOGO-SANQUIMICA-SEM-FUNDO-300x52.png 300w, https:\/\/sanquimica.com.br\/wp-content\/uploads\/2025\/08\/LOGO-SANQUIMICA-SEM-FUNDO-768x133.png 768w\" sizes=\"(max-width: 800px) 100vw, 800px\" \/>\t\t\t\t\t\t\t\t<\/a>\n\t\t\t\t\t\t\t\t\t\t\t\t\t\t\t<\/div>\n\t\t\t\t<\/div>\n\t\t<div class=\"elementor-element elementor-element-806342e e-con-full e-flex e-con e-child\" data-id=\"806342e\" data-element_type=\"container\">\n\t\t\t\t<div class=\"elementor-element elementor-element-75bf9de elementor-widget elementor-widget-ekit-nav-menu\" data-id=\"75bf9de\" data-element_type=\"widget\" data-widget_type=\"ekit-nav-menu.default\">\n\t\t\t\t<div class=\"elementor-widget-container\">\n\t\t\t\t\t\t\t<nav class=\"ekit-wid-con ekit_menu_responsive_tablet\" \n\t\t\tdata-hamburger-icon=\"\" \n\t\t\tdata-hamburger-icon-type=\"icon\" \n\t\t\tdata-responsive-breakpoint=\"1024\">\n\t\t\t            <button class=\"elementskit-menu-hamburger elementskit-menu-toggler\"  type=\"button\" aria-label=\"hamburger-icon\">\n                                    <span class=\"elementskit-menu-hamburger-icon\"><\/span><span class=\"elementskit-menu-hamburger-icon\"><\/span><span class=\"elementskit-menu-hamburger-icon\"><\/span>\n                            <\/button>\n            <div id=\"ekit-megamenu-novo\" class=\"elementskit-menu-container elementskit-menu-offcanvas-elements elementskit-navbar-nav-default ekit-nav-menu-one-page-no ekit-nav-dropdown-hover\"><ul id=\"menu-novo\" class=\"elementskit-navbar-nav elementskit-menu-po-left submenu-click-on-icon\"><li id=\"menu-item-31\" class=\"menu-item menu-item-type-custom menu-item-object-custom menu-item-home menu-item-31 nav-item elementskit-mobile-builder-content\" data-vertical-menu=750px><a href=\"https:\/\/sanquimica.com.br\/#sobre\" class=\"ekit-menu-nav-link\">Sobre N\u00f3s<\/a><\/li>\n<li id=\"menu-item-32\" class=\"menu-item menu-item-type-custom menu-item-object-custom menu-item-home menu-item-32 nav-item elementskit-mobile-builder-content\" data-vertical-menu=750px><a href=\"https:\/\/sanquimica.com.br\/#diferenciais\" class=\"ekit-menu-nav-link\">Diferenciais<\/a><\/li>\n<li id=\"menu-item-33\" class=\"menu-item menu-item-type-custom menu-item-object-custom menu-item-home menu-item-33 nav-item elementskit-mobile-builder-content\" data-vertical-menu=750px><a href=\"https:\/\/sanquimica.com.br\/#produtos\" class=\"ekit-menu-nav-link\">Produtos<\/a><\/li>\n<li id=\"menu-item-34\" class=\"menu-item menu-item-type-custom menu-item-object-custom menu-item-home menu-item-34 nav-item elementskit-mobile-builder-content\" data-vertical-menu=750px><a href=\"https:\/\/sanquimica.com.br\/#clientes\" class=\"ekit-menu-nav-link\">Clientes<\/a><\/li>\n<li id=\"menu-item-35\" class=\"menu-item menu-item-type-custom menu-item-object-custom menu-item-35 nav-item elementskit-mobile-builder-content\" data-vertical-menu=750px><a href=\"#contato\" class=\"ekit-menu-nav-link\">Contato<\/a><\/li>\n<\/ul><div class=\"elementskit-nav-identity-panel\"><button class=\"elementskit-menu-close elementskit-menu-toggler\" type=\"button\">X<\/button><\/div><\/div>\t\t\t\n\t\t\t<div class=\"elementskit-menu-overlay elementskit-menu-offcanvas-elements elementskit-menu-toggler ekit-nav-menu--overlay\"><\/div>        <\/nav>\n\t\t\t\t\t\t<\/div>\n\t\t\t\t<\/div>\n\t\t\t\t<\/div>\n\t\t\t\t\t<\/div>\n\t\t\t\t<\/header>\n\t\t<div class=\"elementor-element elementor-element-a2b5427 e-flex e-con-boxed e-con e-parent\" data-id=\"a2b5427\" data-element_type=\"container\">\n\t\t\t\t\t<div class=\"e-con-inner\">\n\t\t\t\t<div class=\"elementor-element elementor-element-2b96094 elementor-widget elementor-widget-heading\" data-id=\"2b96094\" data-element_type=\"widget\" data-widget_type=\"heading.default\">\n\t\t\t\t\t<h2 class=\"elementor-heading-title elementor-size-default\">Pol\u00edtica de Privacidade \u2013 Sanqu\u00edmica<\/h2>\t\t\t\t<\/div>\n\t\t\t\t<div class=\"elementor-element elementor-element-0489993 elementor-widget-divider--view-line elementor-widget elementor-widget-divider\" data-id=\"0489993\" data-element_type=\"widget\" data-widget_type=\"divider.default\">\n\t\t\t\t\t\t\t<div class=\"elementor-divider\">\n\t\t\t<span class=\"elementor-divider-separator\">\n\t\t\t\t\t\t<\/span>\n\t\t<\/div>\n\t\t\t\t\t\t<\/div>\n\t\t\t\t\t<\/div>\n\t\t\t\t<\/div>\n\t\t<div class=\"elementor-element elementor-element-f08bc52 e-flex e-con-boxed e-con e-parent\" data-id=\"f08bc52\" data-element_type=\"container\">\n\t\t\t\t\t<div class=\"e-con-inner\">\n\t\t\t\t<div class=\"elementor-element elementor-element-dadbde8 elementor-widget elementor-widget-text-editor\" data-id=\"dadbde8\" data-element_type=\"widget\" data-widget_type=\"text-editor.default\">\n\t\t\t\t\t\t\t\t\t<h2 data-start=\"262\" data-end=\"305\">\u00a0<\/h2><p data-start=\"307\" data-end=\"328\"><span style=\"font-size: 1rem;\">2025<\/span><\/p><p data-start=\"307\" data-end=\"328\"><span style=\"font-size: 1rem;\">A <\/span><strong style=\"font-size: 1rem;\" data-start=\"332\" data-end=\"346\">Sanqu\u00edmica<\/strong><span style=\"font-size: 1rem;\"> respeita a sua privacidade e est\u00e1 comprometida com a prote\u00e7\u00e3o dos dados pessoais de todos os visitantes, parceiros e clientes que acessam nosso site <\/span>https:\/\/www.sanquimica.com.br<span style=\"font-size: 1rem;\">. Esta Pol\u00edtica de Privacidade explica como coletamos, usamos, armazenamos e protegemos suas informa\u00e7\u00f5es.<\/span><\/p><hr data-start=\"659\" data-end=\"662\" \/><h3 data-start=\"664\" data-end=\"693\">1. <strong data-start=\"674\" data-end=\"693\">Coleta de Dados<\/strong><\/h3><p data-start=\"695\" data-end=\"859\">Coletamos dados pessoais que voc\u00ea fornece voluntariamente ao preencher formul\u00e1rios de contato, download de materiais ou solicitar informa\u00e7\u00f5es sobre nossos produtos.<\/p><p data-start=\"861\" data-end=\"895\"><strong data-start=\"861\" data-end=\"895\">Dados coletados podem incluir:<\/strong><\/p><ul data-start=\"896\" data-end=\"986\"><li data-start=\"896\" data-end=\"902\"><p data-start=\"898\" data-end=\"902\">Nome<\/p><\/li><li data-start=\"903\" data-end=\"912\"><p data-start=\"905\" data-end=\"912\">Empresa<\/p><\/li><li data-start=\"913\" data-end=\"923\"><p data-start=\"915\" data-end=\"923\">Telefone<\/p><\/li><li data-start=\"924\" data-end=\"932\"><p data-start=\"926\" data-end=\"932\">E-mail<\/p><\/li><li data-start=\"933\" data-end=\"950\"><p data-start=\"935\" data-end=\"950\">Cidade e Estado<\/p><\/li><li data-start=\"951\" data-end=\"986\"><p data-start=\"953\" data-end=\"986\">Mensagens enviadas por formul\u00e1rio<\/p><\/li><\/ul><hr data-start=\"988\" data-end=\"991\" \/><h3 data-start=\"993\" data-end=\"1026\">2. <strong data-start=\"1003\" data-end=\"1026\">Uso das Informa\u00e7\u00f5es<\/strong><\/h3><p data-start=\"1028\" data-end=\"1089\">As informa\u00e7\u00f5es fornecidas s\u00e3o utilizadas exclusivamente para:<\/p><ul data-start=\"1091\" data-end=\"1323\"><li data-start=\"1091\" data-end=\"1136\"><p data-start=\"1093\" data-end=\"1136\">Responder d\u00favidas e solicita\u00e7\u00f5es comerciais<\/p><\/li><li data-start=\"1137\" data-end=\"1168\"><p data-start=\"1139\" data-end=\"1168\">Enviar propostas e or\u00e7amentos<\/p><\/li><li data-start=\"1169\" data-end=\"1226\"><p data-start=\"1171\" data-end=\"1226\">Compartilhar informa\u00e7\u00f5es t\u00e9cnicas sobre nossos produtos<\/p><\/li><li data-start=\"1227\" data-end=\"1266\"><p data-start=\"1229\" data-end=\"1266\">Oferecer um atendimento personalizado<\/p><\/li><li data-start=\"1267\" data-end=\"1323\"><p data-start=\"1269\" data-end=\"1323\">Enviar comunica\u00e7\u00f5es institucionais (quando autorizado)<\/p><\/li><\/ul><hr data-start=\"1325\" data-end=\"1328\" \/><h3 data-start=\"1330\" data-end=\"1368\">3. <strong data-start=\"1340\" data-end=\"1368\">Prote\u00e7\u00e3o e Armazenamento<\/strong><\/h3><p data-start=\"1370\" data-end=\"1507\">Adotamos medidas t\u00e9cnicas e organizacionais para proteger seus dados contra acesso n\u00e3o autorizado, uso indevido, altera\u00e7\u00e3o ou destrui\u00e7\u00e3o.<\/p><p data-start=\"1509\" data-end=\"1604\">Seus dados s\u00e3o armazenados em ambiente seguro, com acesso restrito a profissionais autorizados.<\/p><hr data-start=\"1606\" data-end=\"1609\" \/><h3 data-start=\"1611\" data-end=\"1650\">4. <strong data-start=\"1621\" data-end=\"1650\">Compartilhamento de Dados<\/strong><\/h3><p data-start=\"1652\" data-end=\"1766\">A Sanqu\u00edmica <strong data-start=\"1665\" data-end=\"1734\">n\u00e3o vende, aluga ou compartilha seus dados pessoais com terceiros<\/strong>, exceto quando necess\u00e1rio para:<\/p><ul data-start=\"1768\" data-end=\"1913\"><li data-start=\"1768\" data-end=\"1818\"><p data-start=\"1770\" data-end=\"1818\">Cumprimento de obriga\u00e7\u00f5es legais ou regulat\u00f3rias<\/p><\/li><li data-start=\"1819\" data-end=\"1913\"><p data-start=\"1821\" data-end=\"1913\">Execu\u00e7\u00e3o de servi\u00e7os contratados (como transportadoras, sistemas de CRM, hospedagem de site)<\/p><\/li><\/ul><hr data-start=\"1915\" data-end=\"1918\" \/><h3 data-start=\"1920\" data-end=\"1957\">5. <strong data-start=\"1930\" data-end=\"1957\">Comunica\u00e7\u00e3o e Marketing<\/strong><\/h3><p data-start=\"1959\" data-end=\"2163\">Voc\u00ea s\u00f3 receber\u00e1 comunica\u00e7\u00f5es da Sanqu\u00edmica se tiver dado consentimento. A qualquer momento, poder\u00e1 solicitar o descadastramento clicando em links dispon\u00edveis nas mensagens ou entrando em contato conosco.<\/p><hr data-start=\"2165\" data-end=\"2168\" \/><h3 data-start=\"2170\" data-end=\"2197\">6. <strong data-start=\"2180\" data-end=\"2197\">Seus Direitos<\/strong><\/h3><p data-start=\"2199\" data-end=\"2257\">Conforme a LGPD (Lei n\u00ba 13.709\/2018), voc\u00ea tem direito de:<\/p><ul data-start=\"2259\" data-end=\"2454\"><li data-start=\"2259\" data-end=\"2306\"><p data-start=\"2261\" data-end=\"2306\">Confirmar a exist\u00eancia de tratamento de dados<\/p><\/li><li data-start=\"2307\" data-end=\"2327\"><p data-start=\"2309\" data-end=\"2327\">Acessar seus dados<\/p><\/li><li data-start=\"2328\" data-end=\"2374\"><p data-start=\"2330\" data-end=\"2374\">Corrigir dados incompletos ou desatualizados<\/p><\/li><li data-start=\"2375\" data-end=\"2430\"><p data-start=\"2377\" data-end=\"2430\">Solicitar anonimiza\u00e7\u00e3o ou exclus\u00e3o (quando aplic\u00e1vel)<\/p><\/li><li data-start=\"2431\" data-end=\"2454\"><p data-start=\"2433\" data-end=\"2454\">Revogar consentimento<\/p><\/li><\/ul><p data-start=\"2456\" data-end=\"2565\">Para exercer seus direitos, envie um e-mail para: <strong data-start=\"2506\" data-end=\"2565\">[inserir e-mail de contato do DPO ou setor respons\u00e1vel]<\/strong><\/p><hr data-start=\"2567\" data-end=\"2570\" \/><h3 data-start=\"2572\" data-end=\"2605\">7. <strong data-start=\"2582\" data-end=\"2605\">Cookies e Navega\u00e7\u00e3o<\/strong><\/h3><p data-start=\"2607\" data-end=\"2747\">Nosso site pode utilizar cookies e tecnologias semelhantes para melhorar sua experi\u00eancia de navega\u00e7\u00e3o e coletar dados estat\u00edsticos an\u00f4nimos.<\/p><p data-start=\"2749\" data-end=\"2861\">Voc\u00ea pode desativar os cookies no seu navegador, mas isso pode afetar a funcionalidade de algumas \u00e1reas do site.<\/p><hr data-start=\"2863\" data-end=\"2866\" \/><h3 data-start=\"2868\" data-end=\"2909\">8. <strong data-start=\"2878\" data-end=\"2909\">Atualiza\u00e7\u00f5es desta Pol\u00edtica<\/strong><\/h3><p data-start=\"2911\" data-end=\"3063\">Esta pol\u00edtica poder\u00e1 ser atualizada a qualquer momento, para refletir melhorias ou altera\u00e7\u00f5es legais. Recomendamos revisitar esta p\u00e1gina periodicamente.<\/p><hr data-start=\"3065\" data-end=\"3068\" \/><h3 data-start=\"3070\" data-end=\"3091\">9. <strong data-start=\"3080\" data-end=\"3091\">Contato<\/strong><\/h3><p data-start=\"3093\" data-end=\"3202\">Em caso de d\u00favidas sobre esta Pol\u00edtica de Privacidade ou sobre seus dados pessoais, entre em contato conosco:<\/p><p data-start=\"3204\" data-end=\"3325\"><strong data-start=\"3204\" data-end=\"3218\">Sanqu\u00edmica<\/strong><br data-start=\"3218\" data-end=\"3221\" \/><strong data-start=\"3254\" data-end=\"3265\"><br \/><\/strong><\/p><p data-start=\"3204\" data-end=\"3325\"><span data-start=\"3254\" data-end=\"3265\">E-mail:<\/span> comercial@sanquimica.com.br<br data-start=\"3288\" data-end=\"3291\" \/><strong data-start=\"3291\" data-end=\"3304\">Telefone:<\/strong> 11 99907-7730<\/p>\t\t\t\t\t\t\t\t<\/div>\n\t\t\t\t\t<\/div>\n\t\t\t\t<\/div>\n\t\t<div class=\"elementor-element elementor-element-8c30d48 e-flex e-con-boxed e-con e-parent\" data-id=\"8c30d48\" data-element_type=\"container\" id=\"contato\" data-settings=\"{&quot;background_background&quot;:&quot;classic&quot;}\">\n\t\t\t\t\t<div class=\"e-con-inner\">\n\t\t\t\t<div class=\"elementor-element elementor-element-a0cc042 elementor-widget elementor-widget-image\" data-id=\"a0cc042\" data-element_type=\"widget\" data-widget_type=\"image.default\">\n\t\t\t\t\t\t\t\t\t\t\t\t\t\t\t\t<a href=\"https:\/\/sanquimica.com.br\/\">\n\t\t\t\t\t\t\t<img fetchpriority=\"high\" decoding=\"async\" width=\"800\" height=\"139\" src=\"https:\/\/sanquimica.com.br\/wp-content\/uploads\/2025\/08\/LOGO-SANQUIMICA-SEM-FUNDO.png\" class=\"attachment-large size-large wp-image-108\" alt=\"\" srcset=\"https:\/\/sanquimica.com.br\/wp-content\/uploads\/2025\/08\/LOGO-SANQUIMICA-SEM-FUNDO.png 968w, https:\/\/sanquimica.com.br\/wp-content\/uploads\/2025\/08\/LOGO-SANQUIMICA-SEM-FUNDO-300x52.png 300w, https:\/\/sanquimica.com.br\/wp-content\/uploads\/2025\/08\/LOGO-SANQUIMICA-SEM-FUNDO-768x133.png 768w\" sizes=\"(max-width: 800px) 100vw, 800px\" \/>\t\t\t\t\t\t\t\t<\/a>\n\t\t\t\t\t\t\t\t\t\t\t\t\t\t\t<\/div>\n\t\t\t\t<div class=\"elementor-element elementor-element-65fe149 elementor-align-center elementor-icon-list--layout-traditional elementor-list-item-link-full_width elementor-widget elementor-widget-icon-list\" data-id=\"65fe149\" data-element_type=\"widget\" data-widget_type=\"icon-list.default\">\n\t\t\t\t\t\t\t<ul class=\"elementor-icon-list-items\">\n\t\t\t\t\t\t\t<li class=\"elementor-icon-list-item\">\n\t\t\t\t\t\t\t\t\t\t\t<a href=\"tel:11999077730\">\n\n\t\t\t\t\t\t\t\t\t\t\t\t<span class=\"elementor-icon-list-icon\">\n\t\t\t\t\t\t\t<i aria-hidden=\"true\" class=\"icon icon-phone-handset\"><\/i>\t\t\t\t\t\t<\/span>\n\t\t\t\t\t\t\t\t\t\t<span class=\"elementor-icon-list-text\">11 99907-7730<\/span>\n\t\t\t\t\t\t\t\t\t\t\t<\/a>\n\t\t\t\t\t\t\t\t\t<\/li>\n\t\t\t\t\t\t\t\t<li class=\"elementor-icon-list-item\">\n\t\t\t\t\t\t\t\t\t\t\t<a href=\"mailto:contato@sanquimica.com.br\" target=\"_blank\">\n\n\t\t\t\t\t\t\t\t\t\t\t\t<span class=\"elementor-icon-list-icon\">\n\t\t\t\t\t\t\t<i aria-hidden=\"true\" class=\"icon icon-email\"><\/i>\t\t\t\t\t\t<\/span>\n\t\t\t\t\t\t\t\t\t\t<span class=\"elementor-icon-list-text\">contato@sanquimica.com.br<\/span>\n\t\t\t\t\t\t\t\t\t\t\t<\/a>\n\t\t\t\t\t\t\t\t\t<\/li>\n\t\t\t\t\t\t<\/ul>\n\t\t\t\t\t\t<\/div>\n\t\t\t\t<div class=\"elementor-element elementor-element-4584710 elementor-align-center elementor-icon-list--layout-traditional elementor-list-item-link-full_width elementor-widget elementor-widget-icon-list\" data-id=\"4584710\" data-element_type=\"widget\" data-widget_type=\"icon-list.default\">\n\t\t\t\t\t\t\t<ul class=\"elementor-icon-list-items\">\n\t\t\t\t\t\t\t<li class=\"elementor-icon-list-item\">\n\t\t\t\t\t\t\t\t\t\t\t<a href=\"https:\/\/sanquimica.com.br\/index.php\/politica-de-privacidade\/\">\n\n\t\t\t\t\t\t\t\t\t\t\t<span class=\"elementor-icon-list-text\">Pol\u00edtica de Privacidade<\/span>\n\t\t\t\t\t\t\t\t\t\t\t<\/a>\n\t\t\t\t\t\t\t\t\t<\/li>\n\t\t\t\t\t\t<\/ul>\n\t\t\t\t\t\t<\/div>\n\t\t\t\t\t<\/div>\n\t\t\t\t<\/div>\n\t\t<div class=\"elementor-element elementor-element-5eaa182 e-flex e-con-boxed e-con e-parent\" data-id=\"5eaa182\" data-element_type=\"container\">\n\t\t\t\t\t<div class=\"e-con-inner\">\n\t\t<div class=\"elementor-element elementor-element-e1accfd e-con-full e-flex e-con e-child\" data-id=\"e1accfd\" data-element_type=\"container\">\n\t\t<div class=\"elementor-element elementor-element-66e8e3b e-con-full e-flex e-con e-child\" data-id=\"66e8e3b\" data-element_type=\"container\">\n\t\t\t\t<div class=\"elementor-element elementor-element-3f82f77 elementor-widget elementor-widget-heading\" data-id=\"3f82f77\" data-element_type=\"widget\" data-widget_type=\"heading.default\">\n\t\t\t\t\t<h2 class=\"elementor-heading-title elementor-size-default\">Desenvolvido por:<\/h2>\t\t\t\t<\/div>\n\t\t\t\t<\/div>\n\t\t<div class=\"elementor-element elementor-element-aed50be e-con-full e-flex e-con e-child\" data-id=\"aed50be\" data-element_type=\"container\">\n\t\t\t\t<div class=\"elementor-element elementor-element-6df139f elementor-widget elementor-widget-image\" data-id=\"6df139f\" data-element_type=\"widget\" data-widget_type=\"image.default\">\n\t\t\t\t\t\t\t\t\t\t\t\t\t\t\t\t<a href=\"https:\/\/agenciamoravi.com.br\/\" target=\"_blank\">\n\t\t\t\t\t\t\t<img decoding=\"async\" width=\"300\" height=\"72\" src=\"https:\/\/sanquimica.com.br\/wp-content\/uploads\/2025\/08\/OK_LOGO-ATUALIZADO_PRETO-scaled-1-300x72.png\" class=\"attachment-medium size-medium wp-image-181\" alt=\"\" srcset=\"https:\/\/sanquimica.com.br\/wp-content\/uploads\/2025\/08\/OK_LOGO-ATUALIZADO_PRETO-scaled-1-300x72.png 300w, https:\/\/sanquimica.com.br\/wp-content\/uploads\/2025\/08\/OK_LOGO-ATUALIZADO_PRETO-scaled-1-1024x245.png 1024w, https:\/\/sanquimica.com.br\/wp-content\/uploads\/2025\/08\/OK_LOGO-ATUALIZADO_PRETO-scaled-1-768x184.png 768w, https:\/\/sanquimica.com.br\/wp-content\/uploads\/2025\/08\/OK_LOGO-ATUALIZADO_PRETO-scaled-1-1536x368.png 1536w, https:\/\/sanquimica.com.br\/wp-content\/uploads\/2025\/08\/OK_LOGO-ATUALIZADO_PRETO-scaled-1-2048x490.png 2048w\" sizes=\"(max-width: 300px) 100vw, 300px\" \/>\t\t\t\t\t\t\t\t<\/a>\n\t\t\t\t\t\t\t\t\t\t\t\t\t\t\t<\/div>\n\t\t\t\t<\/div>\n\t\t\t\t<\/div>\n\t\t\t\t\t<\/div>\n\t\t\t\t<\/div>\n\t\t\t\t<\/div>\n\t\t","protected":false},"excerpt":{"rendered":"<p>Sobre N\u00f3s Diferenciais Produtos Clientes Contato X Pol\u00edtica de Privacidade \u2013 Sanqu\u00edmica \u00a0 2025 A Sanqu\u00edmica respeita a sua privacidade e est\u00e1 comprometida com a prote\u00e7\u00e3o dos dados pessoais de todos os visitantes, parceiros e clientes que acessam nosso site https:\/\/www.sanquimica.com.br. Esta Pol\u00edtica de Privacidade explica como coletamos, usamos, armazenamos e protegemos suas informa\u00e7\u00f5es. 1. [&hellip;]<\/p>\n","protected":false},"author":1,"featured_media":0,"parent":0,"menu_order":0,"comment_status":"closed","ping_status":"closed","template":"elementor_canvas","meta":{"_joinchat":[],"footnotes":""},"class_list":["post-64","page","type-page","status-publish","hentry"],"_links":{"self":[{"href":"https:\/\/sanquimica.com.br\/index.php\/wp-json\/wp\/v2\/pages\/64","targetHints":{"allow":["GET"]}}],"collection":[{"href":"https:\/\/sanquimica.com.br\/index.php\/wp-json\/wp\/v2\/pages"}],"about":[{"href":"https:\/\/sanquimica.com.br\/index.php\/wp-json\/wp\/v2\/types\/page"}],"author":[{"embeddable":true,"href":"https:\/\/sanquimica.com.br\/index.php\/wp-json\/wp\/v2\/users\/1"}],"replies":[{"embeddable":true,"href":"https:\/\/sanquimica.com.br\/index.php\/wp-json\/wp\/v2\/comments?post=64"}],"version-history":[{"count":16,"href":"https:\/\/sanquimica.com.br\/index.php\/wp-json\/wp\/v2\/pages\/64\/revisions"}],"predecessor-version":[{"id":239,"href":"https:\/\/sanquimica.com.br\/index.php\/wp-json\/wp\/v2\/pages\/64\/revisions\/239"}],"wp:attachment":[{"href":"https:\/\/sanquimica.com.br\/index.php\/wp-json\/wp\/v2\/media?parent=64"}],"curies":[{"name":"wp","href":"https:\/\/api.w.org\/{rel}","templated":true}]}}